{"id":400,"date":"2021-02-16T21:59:49","date_gmt":"2021-02-16T21:59:49","guid":{"rendered":"http:\/\/www.bmwconsulting.pl\/?page_id=400"},"modified":"2021-02-25T19:18:28","modified_gmt":"2021-02-25T19:18:28","slug":"kursy-2","status":"publish","type":"page","link":"http:\/\/www.bmwconsulting.pl\/index.php\/kursy-2\/","title":{"rendered":"Kursy"},"content":{"rendered":"\n<div style=\"height:80px\" aria-hidden=\"true\" class=\"wp-block-spacer\"><\/div>\n\n\n\n<h2 class=\"has-text-align-center\"><strong>Poznaj nasze kursy i szkolenia<\/strong><\/h2>\n\n\n\n<div style=\"height:50px\" aria-hidden=\"true\" class=\"wp-block-spacer\"><\/div>\n\n\n\n<div class=\"wp-block-cover alignfull has-nv-light-bg-background-color has-background-dim\" style=\"min-height:600px\"><div class=\"wp-block-cover__inner-container\">\n<div class=\"wp-block-group\"><div class=\"wp-block-group__inner-container\">\n<div style=\"height:50px\" aria-hidden=\"true\" class=\"wp-block-spacer\"><\/div>\n\n\n\n<div class=\"wp-block-columns\">\n<div class=\"wp-block-column\" style=\"flex-basis:50%\">\n<figure class=\"wp-block-image size-large\"><img loading=\"lazy\" width=\"600\" height=\"600\" src=\"http:\/\/www.bmwconsulting.pl\/wp-content\/uploads\/2020\/01\/neve-web-design-bg-11.jpg\" alt=\"\" class=\"wp-image-38\"\/><\/figure>\n<\/div>\n\n\n\n<div class=\"wp-block-column is-vertically-aligned-center\" style=\"flex-basis:50%\">\n<h2 class=\"has-nv-text-dark-bg-color has-text-color\"><span class=\"has-inline-color has-neve-link-color-color\">Do\u015bwiadczenie i profesjonalizm<\/span><\/h2>\n\n\n\n<p class=\"has-nv-text-dark-bg-color has-text-color\"><span class=\"has-inline-color has-neve-link-color-color\">Do\u015bwiadczeni instruktorzy ka\u017cdemu uczestnikowi kursu zapewni\u0105 skuteczn\u0105 i profesjonaln\u0105 nauk\u0119 . Indywidualnie dobieramy metody szkolenia na kursach dla kursant\u00f3w, aby zagwarantowa\u0107 efektywne i bezstresowe szkolenie. Ocenimy Twoje umiej\u0119tno\u015bci i pomo\u017cemy zdoby\u0107 nowe umiej\u0119tno\u015bci. Dla klient\u00f3w naszego o\u015brodka przygotowali\u015bmy szerok\u0105 ofert\u0119 kurs\u00f3w, kt\u00f3re umo\u017cliwiaj\u0105 podniesienie kwalifikacji zawodowych. My\u015bla\u0142e\u015b o pracy operatora w\u00f3zk\u00f3w wid\u0142owych, d\u017awigu, podest\u00f3w ruchomych ? Zadzwo\u0144 do nas lub wy\u015blij e\u00admail i zapytaj o szczeg\u00f3\u0142owe warunki uczestnictwa w szkoleniu oraz o terminy kurs\u00f3w. Zapewniamy ofert\u0119 na miar\u0119 Twoich oczekiwa\u0144.<\/span><\/p>\n<\/div>\n<\/div>\n\n\n\n<div style=\"height:40px\" aria-hidden=\"true\" class=\"wp-block-spacer\"><\/div>\n<\/div><\/div>\n<\/div><\/div>\n\n\n\n<div style=\"height:100px\" aria-hidden=\"true\" class=\"wp-block-spacer\"><\/div>\n\n\n\n<div class=\"wp-block-columns are-vertically-aligned-top\">\n<div class=\"wp-block-column is-vertically-aligned-top\">\n<figure class=\"wp-block-image size-large\"><a href=\"http:\/\/www.bmwconsulting.pl\/index.php\/kursy-2\/wozki-widlowe\/\"><img loading=\"lazy\" width=\"357\" height=\"428\" src=\"http:\/\/www.bmwconsulting.pl\/wp-content\/uploads\/2021\/02\/wozek-blok.jpg\" alt=\"\" class=\"wp-image-496\" srcset=\"http:\/\/www.bmwconsulting.pl\/wp-content\/uploads\/2021\/02\/wozek-blok.jpg 357w, http:\/\/www.bmwconsulting.pl\/wp-content\/uploads\/2021\/02\/wozek-blok-250x300.jpg 250w\" sizes=\"(max-width: 357px) 100vw, 357px\" \/><\/a><\/figure>\n\n\n\n<h3 class=\"has-text-align-center\">Kurs Operator <br>w\u00f3zk\u00f3w wid\u0142owych<\/h3>\n\n\n\n<p class=\"has-text-align-center\">Celem kursu jest przygotowanie przysz\u0142ych operator\u00f3w do pracy przy obs\u0142udze w\u00f3zk\u00f3w jezdniowych.<\/p>\n\n\n\n<div class=\"wp-block-buttons aligncenter\">\n<div class=\"wp-block-button is-style-primary\"><a class=\"wp-block-button__link\" href=\"http:\/\/www.bmwconsulting.pl\/index.php\/kursy-2\/wozki-widlowe\/\">Dowiedz si\u0119 wi\u0119cej<\/a><\/div>\n<\/div>\n\n\n\n<div style=\"height:40px\" aria-hidden=\"true\" class=\"wp-block-spacer\"><\/div>\n\n\n\n<figure class=\"wp-block-image size-large\"><a href=\"http:\/\/www.bmwconsulting.pl\/index.php\/kursy-2\/kurs-operator-hds\/\"><img loading=\"lazy\" width=\"357\" height=\"428\" src=\"http:\/\/www.bmwconsulting.pl\/wp-content\/uploads\/2021\/02\/hds-blok.jpg\" alt=\"\" class=\"wp-image-505\" srcset=\"http:\/\/www.bmwconsulting.pl\/wp-content\/uploads\/2021\/02\/hds-blok.jpg 357w, http:\/\/www.bmwconsulting.pl\/wp-content\/uploads\/2021\/02\/hds-blok-250x300.jpg 250w\" sizes=\"(max-width: 357px) 100vw, 357px\" \/><\/a><\/figure>\n\n\n\n<h3 class=\"has-text-align-center\">Kurs HDS<\/h3>\n\n\n\n<p class=\"has-text-align-center\">HDS, to jedno z cz\u0119\u015bciej wykorzystywanych urz\u0105dze\u0144 w transporcie drogowym wymagaj\u0105cym jednocze\u015bnie za\u0142adunku ci\u0119\u017ckich przedmiot\u00f3w.<\/p>\n\n\n\n<div class=\"wp-block-buttons aligncenter\">\n<div class=\"wp-block-button is-style-primary\"><a class=\"wp-block-button__link\" href=\"http:\/\/www.bmwconsulting.pl\/index.php\/kursy-2\/kurs-operator-hds\/\">Dowiedz si\u0119 wi\u0119cej<\/a><\/div>\n<\/div>\n\n\n\n<div style=\"height:40px\" aria-hidden=\"true\" class=\"wp-block-spacer\"><\/div>\n\n\n\n<figure class=\"wp-block-image size-large\"><a href=\"http:\/\/www.bmwconsulting.pl\/index.php\/kursy-2\/szkolenia-bhp-dla-pracodawcow-i-kadr-zarzadzajacych\/\"><img loading=\"lazy\" width=\"357\" height=\"428\" src=\"http:\/\/www.bmwconsulting.pl\/wp-content\/uploads\/2021\/02\/kadry-blok.jpg\" alt=\"\" class=\"wp-image-630\" srcset=\"http:\/\/www.bmwconsulting.pl\/wp-content\/uploads\/2021\/02\/kadry-blok.jpg 357w, http:\/\/www.bmwconsulting.pl\/wp-content\/uploads\/2021\/02\/kadry-blok-250x300.jpg 250w\" sizes=\"(max-width: 357px) 100vw, 357px\" \/><\/a><\/figure>\n\n\n\n<h3 class=\"has-text-align-center\">Szkolenie okresowe bhp pracodawc\u00f3w i innych os\u00f3b kieruj\u0105cych pracownikami<\/h3>\n\n\n\n<p class=\"has-text-align-center\">Szkolenie okresowe odbywaj\u0105 osoby b\u0119d\u0105ce pracodawcami oraz inne osoby kieruj\u0105ce pracownikami, w szczeg\u00f3lno\u015bci kierownicy, mistrzowie, brygadzi\u015bci itp.<\/p>\n\n\n\n<div class=\"wp-block-buttons aligncenter\">\n<div class=\"wp-block-button is-style-primary\"><a class=\"wp-block-button__link\" href=\"http:\/\/www.bmwconsulting.pl\/index.php\/kursy-2\/szkolenia-bhp-dla-pracodawcow-i-kadr-zarzadzajacych\/\">Dowiedz si\u0119 wi\u0119cej<\/a><\/div>\n<\/div>\n\n\n\n<div class=\"wp-block-buttons aligncenter\"><\/div>\n<\/div>\n\n\n\n<div class=\"wp-block-column is-vertically-aligned-top\">\n<figure class=\"wp-block-image size-large\"><a href=\"http:\/\/www.bmwconsulting.pl\/index.php\/kursy-2\/kurs-operator-kos-spalinowych\/\"><img loading=\"lazy\" width=\"357\" height=\"428\" src=\"http:\/\/www.bmwconsulting.pl\/wp-content\/uploads\/2021\/02\/kosa-blok.jpg\" alt=\"\" class=\"wp-image-497\" srcset=\"http:\/\/www.bmwconsulting.pl\/wp-content\/uploads\/2021\/02\/kosa-blok.jpg 357w, http:\/\/www.bmwconsulting.pl\/wp-content\/uploads\/2021\/02\/kosa-blok-250x300.jpg 250w\" sizes=\"(max-width: 357px) 100vw, 357px\" \/><\/a><\/figure>\n\n\n\n<h3 class=\"has-text-align-center\">Kurs Operator <br>Kos spalinowych<\/h3>\n\n\n\n<p class=\"has-text-align-center\">Kurs przeznaczony jest przede wszystkim dla os\u00f3b chc\u0105cych naby\u0107 nowe kompetencje zawodowe.<\/p>\n\n\n\n<div class=\"wp-block-buttons aligncenter\">\n<div class=\"wp-block-button is-style-primary\"><a class=\"wp-block-button__link\" href=\"http:\/\/www.bmwconsulting.pl\/index.php\/kursy-2\/kurs-operator-kos-spalinowych\/\">DOWIEdz si\u0119 wi\u0119cej<\/a><\/div>\n<\/div>\n\n\n\n<div style=\"height:40px\" aria-hidden=\"true\" class=\"wp-block-spacer\"><\/div>\n\n\n\n<figure class=\"wp-block-image size-large\"><a href=\"http:\/\/www.bmwconsulting.pl\/index.php\/kursy-2\/szkolenie-podstawowe-z-zakresu-ochrony-przeciwpozarowej\/\"><img loading=\"lazy\" width=\"357\" height=\"428\" src=\"http:\/\/www.bmwconsulting.pl\/wp-content\/uploads\/2021\/02\/gasnica.jpg\" alt=\"\" class=\"wp-image-503\" srcset=\"http:\/\/www.bmwconsulting.pl\/wp-content\/uploads\/2021\/02\/gasnica.jpg 357w, http:\/\/www.bmwconsulting.pl\/wp-content\/uploads\/2021\/02\/gasnica-250x300.jpg 250w\" sizes=\"(max-width: 357px) 100vw, 357px\" \/><\/a><\/figure>\n\n\n\n<h3 class=\"has-text-align-center\">Szkolenie ppo\u017c. podstawowe<\/h3>\n\n\n\n<p class=\"has-text-align-center\">Celem szkolenia jest zapoznanie uczestnik\u00f3w z najwa\u017cniejszymi zagadnieniami z zakresu ochrony przeciwpo\u017carowej w tym zasadami post\u0119powania w razie powstania po\u017caru.<\/p>\n\n\n\n<div class=\"wp-block-buttons aligncenter\">\n<div class=\"wp-block-button is-style-primary\"><a class=\"wp-block-button__link\" href=\"http:\/\/www.bmwconsulting.pl\/index.php\/kursy-2\/szkolenie-podstawowe-z-zakresu-ochrony-przeciwpozarowej\/\">Dowiedz si\u0119 wi\u0119cej<\/a><\/div>\n<\/div>\n\n\n\n<div style=\"height:40px\" aria-hidden=\"true\" class=\"wp-block-spacer\"><\/div>\n\n\n\n<figure class=\"wp-block-image size-large\"><a href=\"http:\/\/www.bmwconsulting.pl\/index.php\/kursy-2\/szkolenie-okresowe-bhp-pracownikow-administracyjno-biurowych\/\"><img loading=\"lazy\" width=\"357\" height=\"428\" src=\"http:\/\/www.bmwconsulting.pl\/wp-content\/uploads\/2021\/02\/biurowy-blok.jpg\" alt=\"\" class=\"wp-image-632\" srcset=\"http:\/\/www.bmwconsulting.pl\/wp-content\/uploads\/2021\/02\/biurowy-blok.jpg 357w, http:\/\/www.bmwconsulting.pl\/wp-content\/uploads\/2021\/02\/biurowy-blok-250x300.jpg 250w\" sizes=\"(max-width: 357px) 100vw, 357px\" \/><\/a><\/figure>\n\n\n\n<h3 class=\"has-text-align-center\">Szkolenie okresowe bhp pracownik\u00f3w administracyjno-biurowych<\/h3>\n\n\n\n<p class=\"has-text-align-center\">Szkolenie okresowe odbywaj\u0105 pracownicy zatrudnieni na stanowiskach administracyjno-biurowych i pokrewnych. Szkolenie mo\u017ce by\u0107 zorganizowane w formie kursu lub\u00a0seminarium.<\/p>\n\n\n\n<div class=\"wp-block-buttons aligncenter\">\n<div class=\"wp-block-button is-style-primary\"><a class=\"wp-block-button__link\" href=\"http:\/\/www.bmwconsulting.pl\/index.php\/kursy-2\/szkolenie-okresowe-bhp-pracownikow-administracyjno-biurowych\/\">Dowiedz si\u0119 wi\u0119cej<\/a><\/div>\n<\/div>\n\n\n\n<div style=\"height:40px\" aria-hidden=\"true\" class=\"wp-block-spacer\"><\/div>\n\n\n\n<figure class=\"wp-block-image size-large\"><a href=\"http:\/\/www.bmwconsulting.pl\/index.php\/kursy-2\/kurs-operator-hds\/\"><img loading=\"lazy\" width=\"357\" height=\"428\" src=\"http:\/\/www.bmwconsulting.pl\/wp-content\/uploads\/2021\/02\/podest-blok.jpg\" alt=\"\" class=\"wp-image-506\" srcset=\"http:\/\/www.bmwconsulting.pl\/wp-content\/uploads\/2021\/02\/podest-blok.jpg 357w, http:\/\/www.bmwconsulting.pl\/wp-content\/uploads\/2021\/02\/podest-blok-250x300.jpg 250w\" sizes=\"(max-width: 357px) 100vw, 357px\" \/><\/a><\/figure>\n\n\n\n<h3 class=\"has-text-align-center\">Kurs Operator podest\u00f3w ruchomych<\/h3>\n\n\n\n<p class=\"has-text-align-center\">Podesty ruchome \u00a0(inaczej zwane podno\u015bnikami koszowymi lub potocznie zwy\u017ckami, cherry picker, lift, wzwy\u017cki, no\u017cyc\u00f3wki) to urz\u0105dzenia d\u017awignicowe, kt\u00f3re stosuje si\u0119 do podnoszenia za\u0142adunku<\/p>\n\n\n\n<div class=\"wp-block-buttons aligncenter\">\n<div class=\"wp-block-button is-style-primary\"><a class=\"wp-block-button__link\" href=\"http:\/\/www.bmwconsulting.pl\/index.php\/kursy-2\/kurs-operator-hds\/\">Dowiedz si\u0119 wi\u0119cej<\/a><\/div>\n<\/div>\n<\/div>\n\n\n\n<div class=\"wp-block-column is-vertically-aligned-top\">\n<figure class=\"wp-block-image size-large is-style-default\"><a href=\"http:\/\/www.bmwconsulting.pl\/index.php\/kursy-2\/kurs-operator-pilarek-mechanicznych\/\"><img loading=\"lazy\" width=\"357\" height=\"428\" src=\"http:\/\/www.bmwconsulting.pl\/wp-content\/uploads\/2021\/02\/pila-blok.jpg\" alt=\"\" class=\"wp-image-500\" srcset=\"http:\/\/www.bmwconsulting.pl\/wp-content\/uploads\/2021\/02\/pila-blok.jpg 357w, http:\/\/www.bmwconsulting.pl\/wp-content\/uploads\/2021\/02\/pila-blok-250x300.jpg 250w\" sizes=\"(max-width: 357px) 100vw, 357px\" \/><\/a><\/figure>\n\n\n\n<h3 class=\"has-text-align-center\">Kurs Operator <br>Pilarek Mechanicznych<\/h3>\n\n\n\n<p class=\"has-text-align-center\">Celem kursu jest przygotowanie uczestnik\u00f3w do bezpiecznej obs\u0142ugi oraz pracy pilark\u0105 mechaniczn\u0105.<\/p>\n\n\n\n<div class=\"wp-block-buttons aligncenter\">\n<div class=\"wp-block-button is-style-primary\"><a class=\"wp-block-button__link\" href=\"http:\/\/www.bmwconsulting.pl\/index.php\/kursy-2\/kurs-operator-pilarek-mechanicznych\/\">Dowiedz si\u0119 wi\u0119cej<\/a><\/div>\n<\/div>\n\n\n\n<div style=\"height:40px\" aria-hidden=\"true\" class=\"wp-block-spacer\"><\/div>\n\n\n\n<figure class=\"wp-block-image size-large\"><a href=\"http:\/\/www.bmwconsulting.pl\/index.php\/kursy-2\/szkolenie-z-zakresu-zwalczania-pozarow-i-ewakuacji\/\"><img loading=\"lazy\" width=\"357\" height=\"428\" src=\"http:\/\/www.bmwconsulting.pl\/wp-content\/uploads\/2021\/02\/fire-blok.jpg\" alt=\"\" class=\"wp-image-504\" srcset=\"http:\/\/www.bmwconsulting.pl\/wp-content\/uploads\/2021\/02\/fire-blok.jpg 357w, http:\/\/www.bmwconsulting.pl\/wp-content\/uploads\/2021\/02\/fire-blok-250x300.jpg 250w\" sizes=\"(max-width: 357px) 100vw, 357px\" \/><\/a><\/figure>\n\n\n\n<h3 class=\"has-text-align-center\">Szkolenie ppo\u017c. ewakuacja<\/h3>\n\n\n\n<p class=\"has-text-align-center\">Celem szkolenia jest przygotowanie osoby wyznaczonej przez pracodawc\u0119 do dzia\u0142a\u0144 w zakresie zwalczania po\u017car\u00f3w w miejscu pracy z uwzgl\u0119dnieniem specyfiki obiektu.<\/p>\n\n\n\n<div class=\"wp-block-buttons aligncenter\">\n<div class=\"wp-block-button is-style-primary\"><a class=\"wp-block-button__link\" href=\"http:\/\/www.bmwconsulting.pl\/index.php\/kursy-2\/szkolenie-z-zakresu-zwalczania-pozarow-i-ewakuacji\/\">DOWIEDZ SI\u0118 WI\u0118CEJ<\/a><\/div>\n<\/div>\n\n\n\n<div style=\"height:40px\" aria-hidden=\"true\" class=\"wp-block-spacer\"><\/div>\n\n\n\n<figure class=\"wp-block-image size-large\"><a href=\"http:\/\/www.bmwconsulting.pl\/index.php\/kursy-2\/szkolenie-okresowe-bhp-stanowisk-robotniczych\/\"><img loading=\"lazy\" width=\"357\" height=\"428\" src=\"http:\/\/www.bmwconsulting.pl\/wp-content\/uploads\/2021\/02\/bhp-blok.jpg\" alt=\"\" class=\"wp-image-502\" srcset=\"http:\/\/www.bmwconsulting.pl\/wp-content\/uploads\/2021\/02\/bhp-blok.jpg 357w, http:\/\/www.bmwconsulting.pl\/wp-content\/uploads\/2021\/02\/bhp-blok-250x300.jpg 250w\" sizes=\"(max-width: 357px) 100vw, 357px\" \/><\/a><\/figure>\n\n\n\n<h3 class=\"has-text-align-center\">Szkolenie okresowe bhp pracownik\u00f3w zatrudnionych na stanowiskach robotniczych<\/h3>\n\n\n\n<p class=\"has-text-align-center\">Szkolenie jest przeznaczone dla os\u00f3b zatrudnionych na\u00a0stanowiskach robotniczych czy na stanowiskach, na kt\u00f3rych s\u0105 wykonywane\u00a0prace szczeg\u00f3lnie niebezpieczne<\/p>\n\n\n\n<div class=\"wp-block-buttons aligncenter\">\n<div class=\"wp-block-button is-style-primary\"><a class=\"wp-block-button__link\" href=\"http:\/\/www.bmwconsulting.pl\/index.php\/kursy-2\/szkolenie-okresowe-bhp-stanowisk-robotniczych\/\">DOWIEDZ SI\u0118 WI\u0118CEJ<\/a><\/div>\n<\/div>\n\n\n\n<div class=\"wp-block-buttons aligncenter\"><\/div>\n<\/div>\n<\/div>\n\n\n\n<div class=\"wp-block-columns\"><\/div>\n\n\n\n<div style=\"height:80px\" aria-hidden=\"true\" class=\"wp-block-spacer\"><\/div>\n\n\n\n<div class=\"wp-block-cover alignfull has-nv-dark-bg-background-color has-background-dim\" style=\"min-height:600px\"><div class=\"wp-block-cover__inner-container\">\n<div class=\"wp-block-group\"><div class=\"wp-block-group__inner-container\">\n<div style=\"height:50px\" aria-hidden=\"true\" class=\"wp-block-spacer\"><\/div>\n\n\n\n<div class=\"wp-block-columns\">\n<div class=\"wp-block-column\" style=\"flex-basis:100%\">\n<div class=\"wp-block-columns\">\n<div class=\"wp-block-column\" style=\"flex-basis:100%\">\n<div class=\"wp-block-columns\">\n<div class=\"wp-block-column\">\n<div style=\"height:50px\" aria-hidden=\"true\" class=\"wp-block-spacer\"><\/div>\n\n\n\n<h2><span class=\"has-inline-color has-nv-site-bg-color\">Co\u015b innego ?<\/span><\/h2>\n\n\n\n<p><span class=\"has-inline-color has-nv-site-bg-color\"> Poszukujesz czego\u015b innego? Interesuje Cie specyficzny kurs? Daj nam zna\u0107 postaramy si\u0119 co\u015b z tym zrobi\u0107<\/span><\/p>\n\n\n\n<div style=\"height:50px\" aria-hidden=\"true\" class=\"wp-block-spacer\"><\/div>\n\n\n\n<div class=\"wp-block-buttons aligncenter\">\n<div class=\"wp-block-button is-style-primary\"><a class=\"wp-block-button__link\" href=\"http:\/\/www.bmwconsulting.pl\/index.php\/kontakt\/\">Kontakt<\/a><\/div>\n<\/div>\n<\/div>\n\n\n\n<div class=\"wp-block-column\">\n<figure class=\"wp-block-image size-large is-resized\"><img loading=\"lazy\" src=\"http:\/\/www.bmwconsulting.pl\/wp-content\/uploads\/2020\/01\/neve-web-design-bg-12.jpg\" alt=\"\" class=\"wp-image-39\" width=\"400\" height=\"400\"\/><\/figure>\n<\/div>\n<\/div>\n<\/div>\n<\/div>\n<\/div>\n<\/div>\n<\/div><\/div>\n<\/div><\/div>\n","protected":false},"excerpt":{"rendered":"<p>Poznaj nasze kursy i szkolenia Kurs Operator w\u00f3zk\u00f3w wid\u0142owych Celem kursu jest przygotowanie przysz\u0142ych operator\u00f3w do pracy przy obs\u0142udze w\u00f3zk\u00f3w jezdniowych. Kurs HDS HDS, to jedno z cz\u0119\u015bciej wykorzystywanych urz\u0105dze\u0144 w transporcie drogowym wymagaj\u0105cym jednocze\u015bnie za\u0142adunku ci\u0119\u017ckich przedmiot\u00f3w. Szkolenie okresowe bhp pracodawc\u00f3w i innych os\u00f3b kieruj\u0105cych pracownikami Szkolenie okresowe odbywaj\u0105 osoby b\u0119d\u0105ce pracodawcami oraz inne&hellip;&nbsp;<a href=\"http:\/\/www.bmwconsulting.pl\/index.php\/kursy-2\/\" class=\"\" rel=\"bookmark\">Czytaj wi\u0119cej &raquo;<span class=\"screen-reader-text\">Kursy<\/span><\/a><\/p>\n","protected":false},"author":1,"featured_media":0,"parent":0,"menu_order":0,"comment_status":"closed","ping_status":"closed","template":"","meta":{"neve_meta_sidebar":"full-width","neve_meta_container":"","neve_meta_enable_content_width":"on","neve_meta_content_width":100,"neve_meta_title_alignment":"","neve_meta_author_avatar":"","neve_post_elements_order":"","neve_meta_disable_header":"off","neve_meta_disable_footer":"","neve_meta_disable_title":"on","_ti_tpc_template_sync":false,"_ti_tpc_template_id":""},"_links":{"self":[{"href":"http:\/\/www.bmwconsulting.pl\/index.php\/wp-json\/wp\/v2\/pages\/400"}],"collection":[{"href":"http:\/\/www.bmwconsulting.pl\/index.php\/wp-json\/wp\/v2\/pages"}],"about":[{"href":"http:\/\/www.bmwconsulting.pl\/index.php\/wp-json\/wp\/v2\/types\/page"}],"author":[{"embeddable":true,"href":"http:\/\/www.bmwconsulting.pl\/index.php\/wp-json\/wp\/v2\/users\/1"}],"replies":[{"embeddable":true,"href":"http:\/\/www.bmwconsulting.pl\/index.php\/wp-json\/wp\/v2\/comments?post=400"}],"version-history":[{"count":45,"href":"http:\/\/www.bmwconsulting.pl\/index.php\/wp-json\/wp\/v2\/pages\/400\/revisions"}],"predecessor-version":[{"id":640,"href":"http:\/\/www.bmwconsulting.pl\/index.php\/wp-json\/wp\/v2\/pages\/400\/revisions\/640"}],"wp:attachment":[{"href":"http:\/\/www.bmwconsulting.pl\/index.php\/wp-json\/wp\/v2\/media?parent=400"}],"curies":[{"name":"wp","href":"https:\/\/api.w.org\/{rel}","templated":true}]}}