{"id":526,"date":"2021-02-22T22:38:30","date_gmt":"2021-02-22T22:38:30","guid":{"rendered":"http:\/\/www.bmwconsulting.pl\/?page_id=526"},"modified":"2021-02-24T23:16:31","modified_gmt":"2021-02-24T23:16:31","slug":"kurs-operator-pilarek-mechanicznych","status":"publish","type":"page","link":"http:\/\/www.bmwconsulting.pl\/index.php\/kursy-2\/kurs-operator-pilarek-mechanicznych\/","title":{"rendered":"Kurs Operator Pilarek Mechanicznych"},"content":{"rendered":"\n<div style=\"height:100px\" aria-hidden=\"true\" class=\"wp-block-spacer\"><\/div>\n\n\n\n<h2 class=\"has-text-align-center\">Kurs Operator Pilarek Mechanicznych<\/h2>\n\n\n\n<div style=\"height:80px\" aria-hidden=\"true\" class=\"wp-block-spacer\"><\/div>\n\n\n\n<div class=\"wp-block-cover alignfull has-nv-light-bg-background-color has-background-dim\" style=\"min-height:600px\"><div class=\"wp-block-cover__inner-container\">\n<div style=\"height:80px\" aria-hidden=\"true\" class=\"wp-block-spacer\"><\/div>\n\n\n\n<div class=\"wp-block-columns\">\n<div class=\"wp-block-column\">\n<div class=\"wp-block-image\"><figure class=\"alignright size-large is-resized\"><img loading=\"lazy\" src=\"http:\/\/www.bmwconsulting.pl\/wp-content\/uploads\/2021\/02\/pila-blok.jpg\" alt=\"\" class=\"wp-image-500\" width=\"422\" height=\"499\"\/><\/figure><\/div>\n<\/div>\n\n\n\n<div class=\"wp-block-column\">\n<p class=\"has-drop-cap\"><span class=\"has-inline-color has-neve-link-color-color\">Celem kursu jest przygotowanie uczestnik\u00f3w do bezpiecznej obs\u0142ugi oraz pracy pilark\u0105 mechaniczn\u0105. Uko\u0144czenie szkolenia na pilarki jest gwarancj\u0105 zwi\u0119kszenia kompetencji zawodowych. Pracownicy posiadaj\u0105cy uprawnienia do obs\u0142ugi pilarek staj\u0105 si\u0119 atrakcyjniejsi dla potencjalnego pracodawcy.<\/span><\/p>\n\n\n\n<p><span class=\"has-inline-color has-neve-link-color-color\">Program szkolenia przygotowali\u015bmy w taki spos\u00f3b, \u017ce mog\u0105 z niego skorzysta\u0107 tak\u017ce te osoby, kt\u00f3re chc\u0105 posiada\u0107 odpowiednie umiej\u0119tno\u015bci na potrzeby w\u0142asne. Je\u015bli jeste\u015b w\u0142a\u015bcicielem domu z ogrodem, dzia\u0142ki, albo terenu zalesionego i od czasu do czasu prowadzisz w nim prace porz\u0105dkowe przy u\u017cyciu pilarki mechanicznej nasze seminarium pomo\u017ce ci zdoby\u0107 odpowiedni\u0105 wiedz\u0119 i praktyczne umiej\u0119tno\u015bci. Korzystaj\u0105c z nich nie tylko zapewnisz sobie bezpiecze\u0144stwo, ale te\u017c przed\u0142u\u017cysz efektywn\u0105 prac\u0119 kosztownego urz\u0105dzenia dzi\u0119ki jego profesjonalnej obs\u0142udze.<\/span><\/p>\n\n\n\n<p><span class=\"has-inline-color has-neve-link-color-color\"><strong>Zgodnie z Kodeksem Pracy Art.237.\u00a7 1<\/strong>. Nie wolno dopu\u015bci\u0107 pracownika do pracy, do kt\u00f3rej wykonywania nie posiada on wymaganych kwalifikacji lub potrzebnych umiej\u0119tno\u015bci, a tak\u017ce dostatecznej znajomo\u015bci przepis\u00f3w oraz zasad bezpiecze\u0144stwa i higieny pracy.<\/span><\/p>\n<\/div>\n<\/div>\n\n\n\n<hr class=\"wp-block-separator has-text-color has-background has-nv-dark-bg-background-color has-nv-dark-bg-color is-style-wide\"\/>\n\n\n\n<p><span class=\"has-inline-color has-neve-link-color-color\"><strong>Uwaga !<\/strong> Szkolenie nie daje uprawnie\u0144 do \u015bcinki drzew stoj\u0105cych i pracy w lasach pa\u0144stwowych<\/span><\/p>\n\n\n\n<p><span class=\"has-inline-color has-neve-link-color-color\"><strong>Oferta skierowana jest do os\u00f3b, kt\u00f3re u\u017cywaj\u0105 w pracy pilarek :<\/strong><\/span><\/p>\n\n\n\n<ul class=\"has-neve-link-color-color has-text-color\"><li>tartaki<\/li><li>firmy budowlane<\/li><li>cie\u015bli i dekarzy<\/li><li>stolarzy<\/li><li>zak\u0142ady utrzymania zieleni<\/li><li><span class=\"has-inline-color has-neve-link-color-color\">stra\u017c po\u017carna<\/span><\/li><li>energetyka<\/li><\/ul>\n\n\n\n<div style=\"height:100px\" aria-hidden=\"true\" class=\"wp-block-spacer\"><\/div>\n<\/div><\/div>\n\n\n\n<div class=\"wp-block-group\"><div class=\"wp-block-group__inner-container\">\n<div class=\"wp-block-columns\">\n<div class=\"wp-block-column\" style=\"flex-basis:100%\">\n<div style=\"height:80px\" aria-hidden=\"true\" class=\"wp-block-spacer\"><\/div>\n\n\n\n<div class=\"wp-block-columns\">\n<div class=\"wp-block-column\" style=\"flex-basis:100%\">\n<div class=\"wp-block-columns\">\n<div class=\"wp-block-column\">\n<p style=\"font-size:31px\"><strong>Ramowy program szkolenia<\/strong>:<\/p>\n\n\n\n<ul><li>budowa pilarki \u2013 <strong>2 godziny<\/strong><\/li><li>obs\u0142uga i konserwacja pilarki \u2013 <strong>2 godziny<\/strong><\/li><li>przepisy BHP podczas pracy pilark\u0105 \u2013 <strong>2 godziny<\/strong><\/li><li>zaj\u0119cia praktyczne \u2013 <strong>4 godziny<\/strong><\/li><\/ul>\n\n\n\n<div style=\"height:20px\" aria-hidden=\"true\" class=\"wp-block-spacer\"><\/div>\n\n\n\n<p class=\"has-small-font-size\">* w godzinach lekcyjnych trwaj\u0105cych&nbsp; 45 minut<\/p>\n<\/div>\n\n\n\n<div class=\"wp-block-column\">\n<figure class=\"wp-block-image size-large\"><img loading=\"lazy\" width=\"600\" height=\"600\" src=\"http:\/\/www.bmwconsulting.pl\/wp-content\/uploads\/2020\/01\/neve-web-design-bg-08.jpg\" alt=\"\" class=\"wp-image-35\"\/><\/figure>\n<\/div>\n<\/div>\n\n\n\n<hr class=\"wp-block-separator has-text-color has-background has-neve-link-color-background-color has-neve-link-color-color is-style-wide\"\/>\n<\/div>\n<\/div>\n\n\n\n<div class=\"wp-block-columns\">\n<div class=\"wp-block-column\">\n<h2>Warunki<\/h2>\n\n\n\n<p>Warunkiem podj\u0119cia szkolenia jest :<\/p>\n\n\n\n<p>&nbsp;&#8211; uko\u0144czony 18 rok \u017cycia<\/p>\n\n\n\n<p>&#8211; za\u015bwiadczenie lekarskie o braku przeciwwskaza\u0144 do wykonywania pracy pilarkami mechanicznymi<\/p>\n<\/div>\n\n\n\n<div class=\"wp-block-column\">\n<p>Szkolenie ko\u0144czy si\u0119 egzaminem wewn\u0119trznym. Po uzyskaniu wyniku pozytywnego z egzaminu kursant otrzymuje bezterminowe za\u015bwiadczenie o uko\u0144czeniu kursu zgodnie ze wzorem MEN.<br>Istnieje mo\u017cliwo\u015b\u0107 wydania za\u015bwiadczenia w j\u0119zykach : <strong>angielskim i niemieckim<\/strong><\/p>\n\n\n\n<p>Wychodz\u0105c naprzeciw oczekiwaniom Klient\u00f3w organizujemy kursy zar\u00f3wno indywidualnie, jak i grupowo. Niew\u0105tpliwym udogodnieniem jest r\u00f3wnie\u017c mo\u017cliwo\u015b\u0107 indywidualnego ustalenia daty szkolenia. Ze wzgl\u0119du na swoj\u0105 mobilno\u015b\u0107 jeste\u015bmy w stanie przeprowadzi\u0107&nbsp; szkolenie w siedzibie firmy zamawiaj\u0105cego.<\/p>\n<\/div>\n<\/div>\n<\/div>\n<\/div>\n<\/div><\/div>\n\n\n\n<div class=\"wp-block-cover alignfull has-nv-dark-bg-background-color has-background-dim\" style=\"min-height:300px\"><div class=\"wp-block-cover__inner-container\">\n<div style=\"height:140px\" aria-hidden=\"true\" class=\"wp-block-spacer\"><\/div>\n\n\n\n<h2 class=\"has-text-align-center has-nv-text-dark-bg-color has-text-color\">Zainteresowany?<\/h2>\n\n\n\n<p class=\"has-text-align-center has-medium-font-size\">\u015amia\u0142o skontaktuj si\u0119 z nami a pomo\u017cemy i odpowiemy na wszystkie pytania.<\/p>\n\n\n\n<div class=\"wp-block-buttons aligncenter\">\n<div class=\"wp-block-button is-style-primary\"><a class=\"wp-block-button__link\" href=\"http:\/\/www.bmwconsulting.pl\/index.php\/kontakt\/\">Kontakt<\/a><\/div>\n<\/div>\n\n\n\n<div style=\"height:140px\" aria-hidden=\"true\" class=\"wp-block-spacer\"><\/div>\n<\/div><\/div>\n","protected":false},"excerpt":{"rendered":"<p>Kurs Operator Pilarek Mechanicznych Ramowy program szkolenia: budowa pilarki \u2013 2 godziny obs\u0142uga i konserwacja pilarki \u2013 2 godziny przepisy BHP podczas pracy pilark\u0105 \u2013 2 godziny zaj\u0119cia praktyczne \u2013 4 godziny * w godzinach lekcyjnych trwaj\u0105cych&nbsp; 45 minut Warunki Warunkiem podj\u0119cia szkolenia jest : &nbsp;&#8211; uko\u0144czony 18 rok \u017cycia &#8211; za\u015bwiadczenie lekarskie o braku&hellip;&nbsp;<a href=\"http:\/\/www.bmwconsulting.pl\/index.php\/kursy-2\/kurs-operator-pilarek-mechanicznych\/\" class=\"\" rel=\"bookmark\">Czytaj wi\u0119cej &raquo;<span class=\"screen-reader-text\">Kurs Operator Pilarek Mechanicznych<\/span><\/a><\/p>\n","protected":false},"author":1,"featured_media":0,"parent":400,"menu_order":0,"comment_status":"closed","ping_status":"closed","template":"","meta":{"neve_meta_sidebar":"default","neve_meta_container":"","neve_meta_enable_content_width":"on","neve_meta_content_width":100,"neve_meta_title_alignment":"","neve_meta_author_avatar":"","neve_post_elements_order":"","neve_meta_disable_header":"","neve_meta_disable_footer":"","neve_meta_disable_title":"on","_ti_tpc_template_sync":false,"_ti_tpc_template_id":"bhii09ux20eago4lvw13"},"_links":{"self":[{"href":"http:\/\/www.bmwconsulting.pl\/index.php\/wp-json\/wp\/v2\/pages\/526"}],"collection":[{"href":"http:\/\/www.bmwconsulting.pl\/index.php\/wp-json\/wp\/v2\/pages"}],"about":[{"href":"http:\/\/www.bmwconsulting.pl\/index.php\/wp-json\/wp\/v2\/types\/page"}],"author":[{"embeddable":true,"href":"http:\/\/www.bmwconsulting.pl\/index.php\/wp-json\/wp\/v2\/users\/1"}],"replies":[{"embeddable":true,"href":"http:\/\/www.bmwconsulting.pl\/index.php\/wp-json\/wp\/v2\/comments?post=526"}],"version-history":[{"count":6,"href":"http:\/\/www.bmwconsulting.pl\/index.php\/wp-json\/wp\/v2\/pages\/526\/revisions"}],"predecessor-version":[{"id":613,"href":"http:\/\/www.bmwconsulting.pl\/index.php\/wp-json\/wp\/v2\/pages\/526\/revisions\/613"}],"up":[{"embeddable":true,"href":"http:\/\/www.bmwconsulting.pl\/index.php\/wp-json\/wp\/v2\/pages\/400"}],"wp:attachment":[{"href":"http:\/\/www.bmwconsulting.pl\/index.php\/wp-json\/wp\/v2\/media?parent=526"}],"curies":[{"name":"wp","href":"https:\/\/api.w.org\/{rel}","templated":true}]}}