{"id":533,"date":"2021-02-22T22:56:00","date_gmt":"2021-02-22T22:56:00","guid":{"rendered":"http:\/\/www.bmwconsulting.pl\/?page_id=533"},"modified":"2021-02-24T23:18:18","modified_gmt":"2021-02-24T23:18:18","slug":"szkolenie-podstawowe-z-zakresu-ochrony-przeciwpozarowej","status":"publish","type":"page","link":"http:\/\/www.bmwconsulting.pl\/index.php\/kursy-2\/szkolenie-podstawowe-z-zakresu-ochrony-przeciwpozarowej\/","title":{"rendered":"Szkolenie podstawowe z zakresu ochrony przeciwpo\u017carowej"},"content":{"rendered":"\n<div style=\"height:100px\" aria-hidden=\"true\" class=\"wp-block-spacer\"><\/div>\n\n\n\n<h2 class=\"has-text-align-center\">Szkolenie podstawowe z zakresu ochrony przeciwpo\u017carowej<\/h2>\n\n\n\n<div style=\"height:80px\" aria-hidden=\"true\" class=\"wp-block-spacer\"><\/div>\n\n\n\n<div class=\"wp-block-cover alignfull has-nv-light-bg-background-color has-background-dim\" style=\"min-height:600px\"><div class=\"wp-block-cover__inner-container\">\n<div style=\"height:80px\" aria-hidden=\"true\" class=\"wp-block-spacer\"><\/div>\n\n\n\n<div class=\"wp-block-columns\">\n<div class=\"wp-block-column\">\n<div class=\"wp-block-image\"><figure class=\"alignright size-large is-resized\"><img loading=\"lazy\" src=\"http:\/\/www.bmwconsulting.pl\/wp-content\/uploads\/2021\/02\/gasnica.jpg\" alt=\"\" class=\"wp-image-503\" width=\"418\" height=\"500\" srcset=\"http:\/\/www.bmwconsulting.pl\/wp-content\/uploads\/2021\/02\/gasnica.jpg 357w, http:\/\/www.bmwconsulting.pl\/wp-content\/uploads\/2021\/02\/gasnica-250x300.jpg 250w\" sizes=\"(max-width: 418px) 100vw, 418px\" \/><\/figure><\/div>\n<\/div>\n\n\n\n<div class=\"wp-block-column\">\n<p class=\"has-drop-cap\"><span class=\"has-inline-color has-neve-link-color-color\">Szkolenia Ppo\u017c mog\u0105 by\u0107 prowadzone tylko przez osoby posiadaj\u0105ce kwalifikacje: technika po\u017carnictwa, in\u017cyniera po\u017carnictwa, inspektora ochrony przeciwpo\u017carowej lub specjalisty ochrony przeciwpo\u017carowej, o kt\u00f3rych mowa w ustawie o ochronie przeciwpo\u017carowej. Podstawa prawna: art. 4 ust. 2, 2a, 2b ustawy z dnia 24 sierpnia 1991 r. o ochronie przeciwpo\u017carowej.<\/span><\/p>\n\n\n\n<p><span class=\"has-inline-color has-neve-link-color-color\">Szkolenia Przeciwpo\u017carowe s\u0105 obowi\u0105zkowe. Zgodnie z art. 4 ust. 1 ustawy z dnia 24 sierpnia 1991 r. o ochronie przeciwpo\u017carowe osoba odpowiedzialna za ochron\u0119 przeciwpo\u017carow\u0105 w obiekcie zobowi\u0105zana jest m.in. do zapoznania pracownik\u00f3w z przepisami przeciwpo\u017carowymi.<\/span><\/p>\n\n\n\n<p><span class=\"has-inline-color has-neve-link-color-color\">Zgodnie z Art.209 Kodeksu Pracy pracodawca powinien wyznaczy\u0107 osoby do zwalczania po\u017caru i prowadzenia ewakuacji. Ilo\u015b\u0107 wyznaczonych os\u00f3b, ich przeszkolenie oraz wyposa\u017cenie powinno by\u0107 dostosowane do m.in. ilo\u015bci pracownik\u00f3w, wielko\u015bci obiektu oraz zagro\u017ce\u0144 w nim wyst\u0119puj\u0105cych.<\/span><\/p>\n<\/div>\n<\/div>\n\n\n\n<hr class=\"wp-block-separator has-text-color has-background has-nv-dark-bg-background-color has-nv-dark-bg-color is-style-wide\"\/>\n\n\n\n<p style=\"font-size:31px\"><strong><span class=\"has-inline-color has-neve-link-color-color\">Cel szkolenia<\/span><\/strong><\/p>\n\n\n\n<p><span class=\"has-inline-color has-neve-link-color-color\"><br>Celem szkolenia jest zapoznanie uczestnik\u00f3w z najwa\u017cniejszymi zagadnieniami z zakresu ochrony przeciwpo\u017carowej w tym zasadami post\u0119powania w razie powstania po\u017caru oraz u\u017cycia podr\u0119cznego sprz\u0119tu ga\u015bniczego.<\/span><\/p>\n\n\n\n<p style=\"font-size:31px\"><strong><span class=\"has-inline-color has-neve-link-color-color\">Zakres tematyczny szkolenia<\/span><\/strong><\/p>\n\n\n\n<p><span class=\"has-inline-color has-neve-link-color-color\">Zasady organizacji ochrony przeciwpo\u017carowej w Polsce oraz podstawowe przepisy prawne,<\/span><\/p>\n\n\n\n<ul class=\"has-neve-link-color-color has-text-color\"><li><span class=\"has-inline-color has-neve-link-color-color\">Zagro\u017cenia po\u017carowe w obiekcie, przyczyny powstawania i rozprzestrzeniania si\u0119 po\u017car\u00f3w,<\/span><\/li><li><span class=\"has-inline-color has-neve-link-color-color\">Zadania i obowi\u0105zki pracownik\u00f3w z zakresie zapobiegania po\u017carom,<\/span><\/li><li><span class=\"has-inline-color has-neve-link-color-color\">Zadania i obowi\u0105zki pracownik\u00f3w w wyniku powstania po\u017caru,<\/span><\/li><li><span class=\"has-inline-color has-neve-link-color-color\">Ewakuacja ludzi i mienia, drogi i sposoby ewakuacji,<\/span><\/li><\/ul>\n\n\n\n<div style=\"height:20px\" aria-hidden=\"true\" class=\"wp-block-spacer\"><\/div>\n\n\n\n<p><span class=\"has-inline-color has-neve-link-color-color\">Podr\u0119czny sprz\u0119t ga\u015bniczy praktyczna znajomo\u015b\u0107 u\u017cycia i zastosowania \u015brodk\u00f3w ga\u015bniczych.<\/span><\/p>\n\n\n\n<p style=\"font-size:31px\"><strong><span class=\"has-inline-color has-neve-link-color-color\">Materia\u0142y edukacyjne oraz wykorzystywany sprz\u0119t multimedialny<\/span><\/strong><\/p>\n\n\n\n<ul><li><span class=\"has-inline-color has-neve-link-color-color\">projektor oraz ekran przeznaczony do wy\u015bwietlenia przygotowanych prezentacji multimedialnych oraz film\u00f3w i zdj\u0119\u0107 tematycznych<\/span><\/li><li><span class=\"has-inline-color has-neve-link-color-color\">podr\u0119czny sprz\u0119t ga\u015bniczy (ga\u015bnice)<\/span><\/li><li><span class=\"has-inline-color has-neve-link-color-color\">hydrant<\/span><\/li><li><span class=\"has-inline-color has-neve-link-color-color\">koc ga\u015bniczy<\/span><\/li><\/ul>\n\n\n\n<div style=\"height:100px\" aria-hidden=\"true\" class=\"wp-block-spacer\"><\/div>\n<\/div><\/div>\n\n\n\n<div class=\"wp-block-group\"><div class=\"wp-block-group__inner-container\">\n<div class=\"wp-block-columns\">\n<div class=\"wp-block-column\" style=\"flex-basis:100%\">\n<div style=\"height:80px\" aria-hidden=\"true\" class=\"wp-block-spacer\"><\/div>\n\n\n\n<div class=\"wp-block-columns\">\n<div class=\"wp-block-column\" style=\"flex-basis:100%\">\n<div class=\"wp-block-columns\">\n<div class=\"wp-block-column\">\n<p style=\"font-size:31px\"><strong>Ramowy program szkolenia<\/strong>:<\/p>\n\n\n\n<p>Zaj\u0119cia sk\u0142adaj\u0105 si\u0119 z jednego bloku szkoleniowego \u2013 wyk\u0142adu z wykorzystaniem sprz\u0119tu multimedialnego oraz pokazu sprz\u0119tu ga\u015bniczego b\u0119d\u0105cego na wyposa\u017ceniu obiektu.<\/p>\n\n\n\n<p>\u0141\u0105czny czas szkolenia to <strong>4 godziny<\/strong>.<\/p>\n\n\n\n<div style=\"height:20px\" aria-hidden=\"true\" class=\"wp-block-spacer\"><\/div>\n\n\n\n<p class=\"has-small-font-size\">* w godzinach lekcyjnych trwaj\u0105cych&nbsp; 45 minut<\/p>\n<\/div>\n\n\n\n<div class=\"wp-block-column\">\n<figure class=\"wp-block-image size-large\"><img loading=\"lazy\" width=\"600\" height=\"600\" src=\"http:\/\/www.bmwconsulting.pl\/wp-content\/uploads\/2020\/01\/neve-web-design-bg-08.jpg\" alt=\"\" class=\"wp-image-35\"\/><\/figure>\n<\/div>\n<\/div>\n\n\n\n<hr class=\"wp-block-separator has-text-color has-background has-neve-link-color-background-color has-neve-link-color-color is-style-wide\"\/>\n<\/div>\n<\/div>\n\n\n\n<div class=\"wp-block-columns\">\n<div class=\"wp-block-column\">\n<p style=\"font-size:31px\"><strong>Co otrzymuje uczestnik po zako\u0144czeniu szkolenia<\/strong>:<\/p>\n\n\n\n<p>Uczestnik otrzymuje <strong>za\u015bwiadczenie potwierdzaj\u0105ce udzia\u0142 w szkoleniu z zakresu ochrony przeciwpo\u017carowej.<\/strong><\/p>\n<\/div>\n\n\n\n<div class=\"wp-block-column\">\n<p style=\"font-size:31px\"><strong>Organizacja i koszt szkolenia<\/strong><\/p>\n\n\n\n<p><br>Wychodz\u0105c naprzeciw oczekiwaniom Klient\u00f3w organizujemy kursy zar\u00f3wno indywidualnie, jak i grupowo. Niew\u0105tpliwym udogodnieniem jest r\u00f3wnie\u017c mo\u017cliwo\u015b\u0107 indywidualnego ustalenia daty szkolenia.&nbsp; Ze wzgl\u0119du na swoj\u0105 mobilno\u015b\u0107 jeste\u015bmy w stanie przeprowadza\u0107 szkolenie w siedzibie firmy zamawiaj\u0105cego. Cena ustalana indywidualnie w zale\u017cno\u015bci od liczby uczestnik\u00f3w.<\/p>\n<\/div>\n<\/div>\n<\/div>\n<\/div>\n<\/div><\/div>\n\n\n\n<div class=\"wp-block-cover alignfull has-nv-dark-bg-background-color has-background-dim\" style=\"min-height:300px\"><div class=\"wp-block-cover__inner-container\">\n<div style=\"height:140px\" aria-hidden=\"true\" class=\"wp-block-spacer\"><\/div>\n\n\n\n<h2 class=\"has-text-align-center has-nv-text-dark-bg-color has-text-color\">Zainteresowany?<\/h2>\n\n\n\n<p class=\"has-text-align-center has-medium-font-size\">\u015amia\u0142o skontaktuj si\u0119 z nami a pomo\u017cemy i odpowiemy na wszystkie pytania.<\/p>\n\n\n\n<div class=\"wp-block-buttons aligncenter\">\n<div class=\"wp-block-button is-style-primary\"><a class=\"wp-block-button__link\" href=\"http:\/\/www.bmwconsulting.pl\/index.php\/kontakt\/\">Kontakt<\/a><\/div>\n<\/div>\n\n\n\n<div style=\"height:140px\" aria-hidden=\"true\" class=\"wp-block-spacer\"><\/div>\n<\/div><\/div>\n","protected":false},"excerpt":{"rendered":"<p>Szkolenie podstawowe z zakresu ochrony przeciwpo\u017carowej Ramowy program szkolenia: Zaj\u0119cia sk\u0142adaj\u0105 si\u0119 z jednego bloku szkoleniowego \u2013 wyk\u0142adu z wykorzystaniem sprz\u0119tu multimedialnego oraz pokazu sprz\u0119tu ga\u015bniczego b\u0119d\u0105cego na wyposa\u017ceniu obiektu. \u0141\u0105czny czas szkolenia to 4 godziny. * w godzinach lekcyjnych trwaj\u0105cych&nbsp; 45 minut Co otrzymuje uczestnik po zako\u0144czeniu szkolenia: Uczestnik otrzymuje za\u015bwiadczenie potwierdzaj\u0105ce udzia\u0142 w&hellip;&nbsp;<a href=\"http:\/\/www.bmwconsulting.pl\/index.php\/kursy-2\/szkolenie-podstawowe-z-zakresu-ochrony-przeciwpozarowej\/\" class=\"\" rel=\"bookmark\">Czytaj wi\u0119cej &raquo;<span class=\"screen-reader-text\">Szkolenie podstawowe z zakresu ochrony przeciwpo\u017carowej<\/span><\/a><\/p>\n","protected":false},"author":1,"featured_media":0,"parent":400,"menu_order":0,"comment_status":"closed","ping_status":"closed","template":"","meta":{"neve_meta_sidebar":"default","neve_meta_container":"","neve_meta_enable_content_width":"on","neve_meta_content_width":100,"neve_meta_title_alignment":"","neve_meta_author_avatar":"","neve_post_elements_order":"","neve_meta_disable_header":"","neve_meta_disable_footer":"","neve_meta_disable_title":"on","_ti_tpc_template_sync":false,"_ti_tpc_template_id":"bhii09ux20eago4lvw13"},"_links":{"self":[{"href":"http:\/\/www.bmwconsulting.pl\/index.php\/wp-json\/wp\/v2\/pages\/533"}],"collection":[{"href":"http:\/\/www.bmwconsulting.pl\/index.php\/wp-json\/wp\/v2\/pages"}],"about":[{"href":"http:\/\/www.bmwconsulting.pl\/index.php\/wp-json\/wp\/v2\/types\/page"}],"author":[{"embeddable":true,"href":"http:\/\/www.bmwconsulting.pl\/index.php\/wp-json\/wp\/v2\/users\/1"}],"replies":[{"embeddable":true,"href":"http:\/\/www.bmwconsulting.pl\/index.php\/wp-json\/wp\/v2\/comments?post=533"}],"version-history":[{"count":10,"href":"http:\/\/www.bmwconsulting.pl\/index.php\/wp-json\/wp\/v2\/pages\/533\/revisions"}],"predecessor-version":[{"id":614,"href":"http:\/\/www.bmwconsulting.pl\/index.php\/wp-json\/wp\/v2\/pages\/533\/revisions\/614"}],"up":[{"embeddable":true,"href":"http:\/\/www.bmwconsulting.pl\/index.php\/wp-json\/wp\/v2\/pages\/400"}],"wp:attachment":[{"href":"http:\/\/www.bmwconsulting.pl\/index.php\/wp-json\/wp\/v2\/media?parent=533"}],"curies":[{"name":"wp","href":"https:\/\/api.w.org\/{rel}","templated":true}]}}