{"id":564,"date":"2021-02-24T21:41:04","date_gmt":"2021-02-24T21:41:04","guid":{"rendered":"http:\/\/www.bmwconsulting.pl\/?page_id=564"},"modified":"2021-02-24T23:19:23","modified_gmt":"2021-02-24T23:19:23","slug":"kurs-operator-podestow-ruchomych","status":"publish","type":"page","link":"http:\/\/www.bmwconsulting.pl\/index.php\/kursy-2\/kurs-operator-podestow-ruchomych\/","title":{"rendered":"Kurs Operator podest\u00f3w ruchomych"},"content":{"rendered":"\n<div style=\"height:100px\" aria-hidden=\"true\" class=\"wp-block-spacer\"><\/div>\n\n\n\n<h2 class=\"has-text-align-center\">Kurs Operator podest\u00f3w ruchomych<\/h2>\n\n\n\n<div style=\"height:80px\" aria-hidden=\"true\" class=\"wp-block-spacer\"><\/div>\n\n\n\n<div class=\"wp-block-cover alignfull has-nv-light-bg-background-color has-background-dim\" style=\"min-height:600px\"><div class=\"wp-block-cover__inner-container\">\n<div style=\"height:80px\" aria-hidden=\"true\" class=\"wp-block-spacer\"><\/div>\n\n\n\n<div class=\"wp-block-columns\">\n<div class=\"wp-block-column\">\n<div class=\"wp-block-image\"><figure class=\"alignright size-large is-resized\"><img loading=\"lazy\" src=\"http:\/\/www.bmwconsulting.pl\/wp-content\/uploads\/2021\/02\/podest-blok.jpg\" alt=\"\" class=\"wp-image-506\" width=\"419\" height=\"500\"\/><\/figure><\/div>\n<\/div>\n\n\n\n<div class=\"wp-block-column\">\n<p class=\"has-drop-cap\"><span class=\"has-inline-color has-neve-link-color-color\">Podesty ruchome &nbsp;(inaczej zwane podno\u015bnikami koszowymi lub potocznie zwy\u017ckami, cherry picker, lift, wzwy\u017cki, no\u017cyc\u00f3wki) to urz\u0105dzenia d\u017awignicowe, kt\u00f3re stosuje si\u0119 do podnoszenia za\u0142adunku na odpowiedni\u0105 wysoko\u015b\u0107, u\u017cywaj\u0105c przy tym platformy lub gondoli zawieszonych na ci\u0105gniku lub unoszonych na d\u017awigniku. Mo\u017cna wyr\u00f3\u017cni\u0107 podesty samobie\u017cne (poruszaj\u0105ce si\u0119) i stacjonarne<\/span>.<\/p>\n\n\n\n<p><span class=\"has-inline-color has-neve-link-color-color\">Podesty dziel\u0105 si\u0119 na dwie kategorie: <\/span><\/p>\n\n\n\n<p><strong><span class=\"has-inline-color has-neve-link-color-color\">Uprawnienia kat. I P<\/span><\/strong><\/p>\n\n\n\n<ul class=\"has-neve-link-color-color has-text-color\"><li><span class=\"has-inline-color has-neve-link-color-color\">podesty ruchome przejezdne wolnobie\u017cne (tzw. podno\u015bniki no\u017cycowe)<\/span><\/li><\/ul>\n\n\n\n<ul class=\"has-neve-link-color-color has-text-color\"><li>podesty ruchome przewo\u017ane&nbsp;(tzw. paj\u0105ki podczepiane pod samoch\u00f3d)<\/li><\/ul>\n\n\n\n<ul class=\"has-neve-link-color-color has-text-color\"><li><span class=\"has-inline-color has-neve-link-color-color\">podesty ruchome samojezdne&nbsp;(montowane na poje\u017adzie &#8211; podno\u015bniki koszowe).<\/span><\/li><\/ul>\n\n\n\n<p><strong><span class=\"has-inline-color has-neve-link-color-color\">Uprawnienia kat. II P<\/span><\/strong><\/p>\n\n\n\n<ul class=\"has-neve-link-color-color has-text-color\"><li><span class=\"has-inline-color has-neve-link-color-color\">podesty ruchome wisz\u0105ce,<\/span><\/li><li><span class=\"has-inline-color has-neve-link-color-color\">podesty ruchome masztowe,<\/span><\/li><li><span class=\"has-inline-color has-neve-link-color-color\">podesty ruchome stacjonarne,<\/span><\/li><\/ul>\n<\/div>\n<\/div>\n\n\n\n<hr class=\"wp-block-separator has-text-color has-background has-nv-dark-bg-background-color has-nv-dark-bg-color is-style-wide\"\/>\n\n\n\n<p><span class=\"has-inline-color has-neve-link-color-color\">Uzyskanie kwalifikacji zawodowych przez osoby obs\u0142uguj\u0105ce podesty ruchome (podno\u015bniki koszowe) oraz przygotowanie s\u0142uchaczy do egzaminu daj\u0105cego uprawnienia operatora. Kurs przeznaczony jest dla pracownik\u00f3w zatrudnionych na stanowiskach operator\u00f3w podno\u015bnik\u00f3w koszowych, instalator\u00f3w, pracownik\u00f3w budowlanych, firm reklamowych.<\/span><\/p>\n\n\n\n<p><span class=\"has-inline-color has-neve-link-color-color\">Kurs ko\u0144czy <strong>egzamin pa\u0144stwowy przeprowadzony przez komisj\u0119 UDT<\/strong>. Jego efektem jest otrzymanie bezterminowego za\u015bwiadczenia kwalifikacyjnego UDT po\u015bwiadczaj\u0105cego uprawnienia do obs\u0142ugi podest\u00f3w ruchomych . Posiadacz takich kwalifikacji mo\u017ce podj\u0105\u0107 prac\u0119 przy obs\u0142udze podest\u00f3w .<\/span><\/p>\n\n\n\n<div style=\"height:100px\" aria-hidden=\"true\" class=\"wp-block-spacer\"><\/div>\n<\/div><\/div>\n\n\n\n<div class=\"wp-block-group\"><div class=\"wp-block-group__inner-container\">\n<div class=\"wp-block-columns\">\n<div class=\"wp-block-column\" style=\"flex-basis:100%\">\n<div style=\"height:80px\" aria-hidden=\"true\" class=\"wp-block-spacer\"><\/div>\n\n\n\n<div class=\"wp-block-columns\">\n<div class=\"wp-block-column\" style=\"flex-basis:100%\">\n<div class=\"wp-block-columns\">\n<div class=\"wp-block-column\">\n<p style=\"font-size:31px\"><strong>Ramowy program szkolenia<\/strong>:<\/p>\n\n\n\n<p>Kurs na operatora podest\u00f3w ruchomych&nbsp; sk\u0142ada si\u0119 z dw\u00f3ch cz\u0119\u015bci<\/p>\n\n\n\n<ul><li>Teoretycznej \u2013 wyk\u0142ady<\/li><li>praktycznej &#8211; cz\u0119\u015b\u0107 praktyczna obejmuje zaj\u0119cia z instruktorem&nbsp; na terenie o\u015brodka szkoleniowego, albo w miejscu pracy kursanta&nbsp; czyli w firmie zlecaj\u0105cej szkolenie pracownik\u00f3w.<\/li><\/ul>\n\n\n\n<div style=\"height:20px\" aria-hidden=\"true\" class=\"wp-block-spacer\"><\/div>\n\n\n\n<p class=\"has-normal-font-size\"><strong>Ramowy program szkolenia \u2013 podesty ruchome kat. IP<\/strong><\/p>\n\n\n\n<ul class=\"has-neve-link-color-color has-text-color\"><li>Wiadomo\u015bci o dozorze technicznym <strong>(UDT)<\/strong><\/li><li>Og\u00f3lne wiadomo\u015bci o podestach<\/li><li>Budowa i dzia\u0142anie. Elementy i zespo\u0142y <strong>podest\u00f3w<\/strong><\/li><li>Zagro\u017cenia przy <strong>pracy podestem<\/strong><\/li><li>Urz\u0105dzenia zabezpieczaj\u0105ce<\/li><li>Eksploatacja <strong>podest\u00f3w&nbsp; \u2013 przejezdnych , przewo\u017anych , samojezdnych<\/strong><\/li><li>Obowi\u0105zki <strong>operatora<\/strong><\/li><li>zasady BHP<\/li><li>Zaj\u0119cia praktyczne<\/li><\/ul>\n<\/div>\n\n\n\n<div class=\"wp-block-column\">\n<figure class=\"wp-block-image size-large\"><img loading=\"lazy\" width=\"600\" height=\"600\" src=\"http:\/\/www.bmwconsulting.pl\/wp-content\/uploads\/2020\/01\/neve-web-design-bg-08.jpg\" alt=\"\" class=\"wp-image-35\"\/><\/figure>\n<\/div>\n<\/div>\n\n\n\n<hr class=\"wp-block-separator has-text-color has-background has-neve-link-color-background-color has-neve-link-color-color is-style-wide\"\/>\n<\/div>\n<\/div>\n\n\n\n<div class=\"wp-block-columns\">\n<div class=\"wp-block-column\">\n<h2>Warunki<\/h2>\n\n\n\n<p>Warunkiem podj\u0119cia szkolenia jest :<\/p>\n\n\n\n<p>&nbsp;&#8211; uko\u0144czony 18 rok \u017cycia<\/p>\n\n\n\n<p>&#8211; za\u015bwiadczenie lekarskie o braku przeciwwskaza\u0144 do wykonywania pracy HDS<\/p>\n<\/div>\n\n\n\n<div class=\"wp-block-column\">\n<p>Wychodz\u0105c naprzeciw oczekiwaniom Klient\u00f3w organizujemy kursy zar\u00f3wno indywidualnie, jak i grupowo. Niew\u0105tpliwym udogodnieniem jest r\u00f3wnie\u017c mo\u017cliwo\u015b\u0107 indywidualnego ustalenia daty szkolenia. Ze wzgl\u0119du na swoj\u0105 mobilno\u015b\u0107 jeste\u015bmy w stanie przeprowadzi\u0107&nbsp; szkolenie w siedzibie firmy zamawiaj\u0105cego.<\/p>\n<\/div>\n<\/div>\n<\/div>\n<\/div>\n<\/div><\/div>\n\n\n\n<div class=\"wp-block-cover alignfull has-nv-dark-bg-background-color has-background-dim\" style=\"min-height:300px\"><div class=\"wp-block-cover__inner-container\">\n<div style=\"height:140px\" aria-hidden=\"true\" class=\"wp-block-spacer\"><\/div>\n\n\n\n<h2 class=\"has-text-align-center has-nv-text-dark-bg-color has-text-color\">Zainteresowany?<\/h2>\n\n\n\n<p class=\"has-text-align-center has-medium-font-size\">\u015amia\u0142o skontaktuj si\u0119 z nami a pomo\u017cemy i odpowiemy na wszystkie pytania.<\/p>\n\n\n\n<div class=\"wp-block-buttons aligncenter\">\n<div class=\"wp-block-button is-style-primary\"><a class=\"wp-block-button__link\" href=\"http:\/\/www.bmwconsulting.pl\/index.php\/kontakt\/\">Kontakt<\/a><\/div>\n<\/div>\n\n\n\n<div style=\"height:140px\" aria-hidden=\"true\" class=\"wp-block-spacer\"><\/div>\n<\/div><\/div>\n","protected":false},"excerpt":{"rendered":"<p>Kurs Operator podest\u00f3w ruchomych Ramowy program szkolenia: Kurs na operatora podest\u00f3w ruchomych&nbsp; sk\u0142ada si\u0119 z dw\u00f3ch cz\u0119\u015bci Teoretycznej \u2013 wyk\u0142ady praktycznej &#8211; cz\u0119\u015b\u0107 praktyczna obejmuje zaj\u0119cia z instruktorem&nbsp; na terenie o\u015brodka szkoleniowego, albo w miejscu pracy kursanta&nbsp; czyli w firmie zlecaj\u0105cej szkolenie pracownik\u00f3w. Ramowy program szkolenia \u2013 podesty ruchome kat. IP Wiadomo\u015bci o dozorze technicznym&hellip;&nbsp;<a href=\"http:\/\/www.bmwconsulting.pl\/index.php\/kursy-2\/kurs-operator-podestow-ruchomych\/\" class=\"\" rel=\"bookmark\">Czytaj wi\u0119cej &raquo;<span class=\"screen-reader-text\">Kurs Operator podest\u00f3w ruchomych<\/span><\/a><\/p>\n","protected":false},"author":1,"featured_media":0,"parent":400,"menu_order":0,"comment_status":"closed","ping_status":"closed","template":"","meta":{"neve_meta_sidebar":"default","neve_meta_container":"","neve_meta_enable_content_width":"on","neve_meta_content_width":100,"neve_meta_title_alignment":"","neve_meta_author_avatar":"","neve_post_elements_order":"","neve_meta_disable_header":"","neve_meta_disable_footer":"","neve_meta_disable_title":"on","_ti_tpc_template_sync":false,"_ti_tpc_template_id":"bhii09ux20eago4lvw13"},"_links":{"self":[{"href":"http:\/\/www.bmwconsulting.pl\/index.php\/wp-json\/wp\/v2\/pages\/564"}],"collection":[{"href":"http:\/\/www.bmwconsulting.pl\/index.php\/wp-json\/wp\/v2\/pages"}],"about":[{"href":"http:\/\/www.bmwconsulting.pl\/index.php\/wp-json\/wp\/v2\/types\/page"}],"author":[{"embeddable":true,"href":"http:\/\/www.bmwconsulting.pl\/index.php\/wp-json\/wp\/v2\/users\/1"}],"replies":[{"embeddable":true,"href":"http:\/\/www.bmwconsulting.pl\/index.php\/wp-json\/wp\/v2\/comments?post=564"}],"version-history":[{"count":8,"href":"http:\/\/www.bmwconsulting.pl\/index.php\/wp-json\/wp\/v2\/pages\/564\/revisions"}],"predecessor-version":[{"id":616,"href":"http:\/\/www.bmwconsulting.pl\/index.php\/wp-json\/wp\/v2\/pages\/564\/revisions\/616"}],"up":[{"embeddable":true,"href":"http:\/\/www.bmwconsulting.pl\/index.php\/wp-json\/wp\/v2\/pages\/400"}],"wp:attachment":[{"href":"http:\/\/www.bmwconsulting.pl\/index.php\/wp-json\/wp\/v2\/media?parent=564"}],"curies":[{"name":"wp","href":"https:\/\/api.w.org\/{rel}","templated":true}]}}