{"id":599,"date":"2021-02-24T22:59:56","date_gmt":"2021-02-24T22:59:56","guid":{"rendered":"http:\/\/www.bmwconsulting.pl\/?page_id=599"},"modified":"2021-02-24T23:15:15","modified_gmt":"2021-02-24T23:15:15","slug":"kurs-operator-hds","status":"publish","type":"page","link":"http:\/\/www.bmwconsulting.pl\/index.php\/kursy-2\/kurs-operator-hds\/","title":{"rendered":"Kurs Operator HDS"},"content":{"rendered":"\n<div style=\"height:100px\" aria-hidden=\"true\" class=\"wp-block-spacer\"><\/div>\n\n\n\n<h2 class=\"has-text-align-center\">Kurs Operator HDS<\/h2>\n\n\n\n<div style=\"height:80px\" aria-hidden=\"true\" class=\"wp-block-spacer\"><\/div>\n\n\n\n<div class=\"wp-block-cover alignfull has-nv-light-bg-background-color has-background-dim\" style=\"min-height:600px\"><div class=\"wp-block-cover__inner-container\">\n<div style=\"height:80px\" aria-hidden=\"true\" class=\"wp-block-spacer\"><\/div>\n\n\n\n<div class=\"wp-block-columns\">\n<div class=\"wp-block-column\">\n<div class=\"wp-block-image\"><figure class=\"alignright size-large is-resized\"><img loading=\"lazy\" src=\"http:\/\/www.bmwconsulting.pl\/wp-content\/uploads\/2021\/02\/hds-blok.jpg\" alt=\"\" class=\"wp-image-505\" width=\"408\" height=\"489\" srcset=\"http:\/\/www.bmwconsulting.pl\/wp-content\/uploads\/2021\/02\/hds-blok.jpg 357w, http:\/\/www.bmwconsulting.pl\/wp-content\/uploads\/2021\/02\/hds-blok-250x300.jpg 250w\" sizes=\"(max-width: 408px) 100vw, 408px\" \/><\/figure><\/div>\n<\/div>\n\n\n\n<div class=\"wp-block-column\">\n<p class=\"has-drop-cap\"><span class=\"has-inline-color has-neve-link-color-color\">HDS, to jedno z cz\u0119\u015bciej wykorzystywanych urz\u0105dze\u0144 w transporcie drogowym wymagaj\u0105cym jednocze\u015bnie za\u0142adunku ci\u0119\u017ckich przedmiot\u00f3w, jak kontenery transportowe . Umiej\u0119tno\u015b\u0107 obs\u0142ugi takiego sprz\u0119tu pozwala nie tylko na dokonywanie przewoz\u00f3w, ale te\u017c umo\u017cliwia ich za\u0142adunek bez konieczno\u015bci korzystania z dodatkowych urz\u0105dze\u0144. Operatorem HDS mo\u017ce by\u0107 kierowca, kt\u00f3ry uko\u0144czy\u0142 odpowiednie szkolenie i posiada stosowne za\u015bwiadczenie o kwalifikacjach.<\/span><\/p>\n\n\n\n<p><span class=\"has-inline-color has-neve-link-color-color\">Szkolenie HDS przeznaczone jest dla tych wszystkich os\u00f3b, kt\u00f3re pracuj\u0105 w transporcie drogowym towarowym i chc\u0105 poszerzy\u0107 swoje umiej\u0119tno\u015bci o mo\u017cliwo\u015bci za\u0142adunku. Odpowiednie kwalifikacje s\u0105 przydatne zar\u00f3wno zawodowym kierowcom w du\u017cych firmach, jak i prywatnym w\u0142a\u015bcicielom jednoosobowych przedsi\u0119biorstw us\u0142ugowych. Posiadane za\u015bwiadczenie jest kolejnym elementem poszerzaj\u0105cym og\u00f3lne kwalifikacje i zwi\u0119kszaj\u0105cym szanse na zatrudnienie w firmie transportowej.<\/span><\/p>\n<\/div>\n<\/div>\n\n\n\n<hr class=\"wp-block-separator has-text-color has-background has-nv-dark-bg-background-color has-nv-dark-bg-color is-style-wide\"\/>\n\n\n\n<p><span class=\"has-inline-color has-neve-link-color-color\">Kurs ko\u0144czy egzamin pa\u0144stwowy przeprowadzony przez komisj\u0119 UDT. Jego efektem jest otrzymanie bezterminowego za\u015bwiadczenia kwalifikacyjnego UDT po\u015bwiadczaj\u0105cego uprawnienia na \u017curawie HDS. Posiadacz takich kwalifikacji mo\u017ce podj\u0105\u0107 prac\u0119 przy obs\u0142udze \u017curawi samochodowych typu HDS prze\u0142adunkowych, przewo\u017anych<\/span><\/p>\n\n\n\n<div style=\"height:100px\" aria-hidden=\"true\" class=\"wp-block-spacer\"><\/div>\n<\/div><\/div>\n\n\n\n<div class=\"wp-block-group\"><div class=\"wp-block-group__inner-container\">\n<div class=\"wp-block-columns\">\n<div class=\"wp-block-column\" style=\"flex-basis:100%\">\n<div style=\"height:80px\" aria-hidden=\"true\" class=\"wp-block-spacer\"><\/div>\n\n\n\n<div class=\"wp-block-columns\">\n<div class=\"wp-block-column\" style=\"flex-basis:100%\">\n<div class=\"wp-block-columns\">\n<div class=\"wp-block-column\">\n<p style=\"font-size:31px\"><strong>Ramowy program szkolenia<\/strong>:<\/p>\n\n\n\n<p>Kurs na operatora HDS sk\u0142ada si\u0119 z cz\u0119\u015bci<\/p>\n\n\n\n<ul><li>Teoretycznej \u2013 wyk\u0142ady<\/li><li>praktycznej &#8211; cz\u0119\u015b\u0107 praktyczna obejmuje zaj\u0119cia z instruktorem&nbsp; na terenie o\u015brodka szkoleniowego, albo w miejscu pracy kursanta&nbsp; czyli w firmie zlecaj\u0105cej szkolenie pracownik\u00f3w.<\/li><\/ul>\n\n\n\n<div style=\"height:20px\" aria-hidden=\"true\" class=\"wp-block-spacer\"><\/div>\n\n\n\n<p class=\"has-normal-font-size\"><strong>Program szkolenia \u017burawie przeno\u015bne prze\u0142adunkowe kategoria II\u017b<\/strong><\/p>\n\n\n\n<ul class=\"has-neve-link-color-color has-text-color\"><li>Wiadomo\u015bci o dozorze technicznym <strong>(UDT)<\/strong><\/li><li>Og\u00f3lne wiadomo\u015bci o d\u017awignicach<\/li><li>Budowa i dzia\u0142anie. Elementy i zespo\u0142y <strong>\u017curawi przewo\u017anych<\/strong><\/li><li>Zagro\u017cenia przy <strong>\u017curawiach przewo\u017anych<\/strong><\/li><li>Urz\u0105dzenia zabezpieczaj\u0105ce<\/li><li>Eksploatacja <strong>\u017curawia przewo\u017anego (przejezdnego)<\/strong><\/li><li>Obowi\u0105zki <strong>operatora<\/strong><\/li><li>zasady BHP<\/li><li>Zaj\u0119cia praktyczne<\/li><\/ul>\n<\/div>\n\n\n\n<div class=\"wp-block-column\">\n<figure class=\"wp-block-image size-large\"><img loading=\"lazy\" width=\"600\" height=\"600\" src=\"http:\/\/www.bmwconsulting.pl\/wp-content\/uploads\/2020\/01\/neve-web-design-bg-08.jpg\" alt=\"\" class=\"wp-image-35\"\/><\/figure>\n<\/div>\n<\/div>\n\n\n\n<hr class=\"wp-block-separator has-text-color has-background has-neve-link-color-background-color has-neve-link-color-color is-style-wide\"\/>\n<\/div>\n<\/div>\n\n\n\n<div class=\"wp-block-columns\">\n<div class=\"wp-block-column\">\n<h2>Warunki<\/h2>\n\n\n\n<p>Warunkiem podj\u0119cia szkolenia jest :<\/p>\n\n\n\n<p>&nbsp;&#8211; uko\u0144czony 18 rok \u017cycia<\/p>\n\n\n\n<p>&#8211; za\u015bwiadczenie lekarskie o braku przeciwwskaza\u0144 do wykonywania pracy HDS<\/p>\n<\/div>\n\n\n\n<div class=\"wp-block-column\">\n<p>Wychodz\u0105c naprzeciw oczekiwaniom Klient\u00f3w organizujemy kursy zar\u00f3wno indywidualnie, jak i grupowo. Niew\u0105tpliwym udogodnieniem jest r\u00f3wnie\u017c mo\u017cliwo\u015b\u0107 indywidualnego ustalenia daty szkolenia. Ze wzgl\u0119du na swoj\u0105 mobilno\u015b\u0107 jeste\u015bmy w stanie przeprowadzi\u0107&nbsp; szkolenie w siedzibie firmy zamawiaj\u0105cego.<\/p>\n<\/div>\n<\/div>\n<\/div>\n<\/div>\n<\/div><\/div>\n\n\n\n<div class=\"wp-block-cover alignfull has-nv-dark-bg-background-color has-background-dim\" style=\"min-height:300px\"><div class=\"wp-block-cover__inner-container\">\n<div style=\"height:140px\" aria-hidden=\"true\" class=\"wp-block-spacer\"><\/div>\n\n\n\n<h2 class=\"has-text-align-center has-nv-text-dark-bg-color has-text-color\">Zainteresowany?<\/h2>\n\n\n\n<p class=\"has-text-align-center has-medium-font-size\">\u015amia\u0142o skontaktuj si\u0119 z nami a pomo\u017cemy i odpowiemy na wszystkie pytania.<\/p>\n\n\n\n<div class=\"wp-block-buttons aligncenter\">\n<div class=\"wp-block-button is-style-primary\"><a class=\"wp-block-button__link\" href=\"http:\/\/www.bmwconsulting.pl\/index.php\/kontakt\/\">Kontakt<\/a><\/div>\n<\/div>\n\n\n\n<div style=\"height:140px\" aria-hidden=\"true\" class=\"wp-block-spacer\"><\/div>\n<\/div><\/div>\n","protected":false},"excerpt":{"rendered":"<p>Kurs Operator HDS Ramowy program szkolenia: Kurs na operatora HDS sk\u0142ada si\u0119 z cz\u0119\u015bci Teoretycznej \u2013 wyk\u0142ady praktycznej &#8211; cz\u0119\u015b\u0107 praktyczna obejmuje zaj\u0119cia z instruktorem&nbsp; na terenie o\u015brodka szkoleniowego, albo w miejscu pracy kursanta&nbsp; czyli w firmie zlecaj\u0105cej szkolenie pracownik\u00f3w. Program szkolenia \u017burawie przeno\u015bne prze\u0142adunkowe kategoria II\u017b Wiadomo\u015bci o dozorze technicznym (UDT) Og\u00f3lne wiadomo\u015bci o&hellip;&nbsp;<a href=\"http:\/\/www.bmwconsulting.pl\/index.php\/kursy-2\/kurs-operator-hds\/\" class=\"\" rel=\"bookmark\">Czytaj wi\u0119cej &raquo;<span class=\"screen-reader-text\">Kurs Operator HDS<\/span><\/a><\/p>\n","protected":false},"author":1,"featured_media":0,"parent":400,"menu_order":0,"comment_status":"closed","ping_status":"closed","template":"","meta":{"neve_meta_sidebar":"default","neve_meta_container":"","neve_meta_enable_content_width":"on","neve_meta_content_width":100,"neve_meta_title_alignment":"","neve_meta_author_avatar":"","neve_post_elements_order":"","neve_meta_disable_header":"","neve_meta_disable_footer":"","neve_meta_disable_title":"on","_ti_tpc_template_sync":false,"_ti_tpc_template_id":"bhii09ux20eago4lvw13"},"_links":{"self":[{"href":"http:\/\/www.bmwconsulting.pl\/index.php\/wp-json\/wp\/v2\/pages\/599"}],"collection":[{"href":"http:\/\/www.bmwconsulting.pl\/index.php\/wp-json\/wp\/v2\/pages"}],"about":[{"href":"http:\/\/www.bmwconsulting.pl\/index.php\/wp-json\/wp\/v2\/types\/page"}],"author":[{"embeddable":true,"href":"http:\/\/www.bmwconsulting.pl\/index.php\/wp-json\/wp\/v2\/users\/1"}],"replies":[{"embeddable":true,"href":"http:\/\/www.bmwconsulting.pl\/index.php\/wp-json\/wp\/v2\/comments?post=599"}],"version-history":[{"count":4,"href":"http:\/\/www.bmwconsulting.pl\/index.php\/wp-json\/wp\/v2\/pages\/599\/revisions"}],"predecessor-version":[{"id":611,"href":"http:\/\/www.bmwconsulting.pl\/index.php\/wp-json\/wp\/v2\/pages\/599\/revisions\/611"}],"up":[{"embeddable":true,"href":"http:\/\/www.bmwconsulting.pl\/index.php\/wp-json\/wp\/v2\/pages\/400"}],"wp:attachment":[{"href":"http:\/\/www.bmwconsulting.pl\/index.php\/wp-json\/wp\/v2\/media?parent=599"}],"curies":[{"name":"wp","href":"https:\/\/api.w.org\/{rel}","templated":true}]}}