{"id":71,"date":"2020-01-27T08:15:05","date_gmt":"2020-01-27T08:15:05","guid":{"rendered":"https:\/\/demosites.io\/web-agency-gb\/?page_id=71"},"modified":"2021-02-24T23:14:26","modified_gmt":"2021-02-24T23:14:26","slug":"wozki-widlowe","status":"publish","type":"page","link":"http:\/\/www.bmwconsulting.pl\/index.php\/kursy-2\/wozki-widlowe\/","title":{"rendered":"Kurs Operator w\u00f3zk\u00f3w wid\u0142owych"},"content":{"rendered":"\n<div style=\"height:100px\" aria-hidden=\"true\" class=\"wp-block-spacer\"><\/div>\n\n\n\n<h2 class=\"has-text-align-center\">Kursy z zakresu obs\u0142ugi w\u00f3zk\u00f3w wid\u0142owych (jezdniowych)<\/h2>\n\n\n\n<div style=\"height:80px\" aria-hidden=\"true\" class=\"wp-block-spacer\"><\/div>\n\n\n\n<div class=\"wp-block-cover alignfull has-nv-light-bg-background-color has-background-dim\" style=\"min-height:600px\"><div class=\"wp-block-cover__inner-container\">\n<div style=\"height:80px\" aria-hidden=\"true\" class=\"wp-block-spacer\"><\/div>\n\n\n\n<div class=\"wp-block-columns\">\n<div class=\"wp-block-column\">\n<figure class=\"wp-block-image size-large\"><img loading=\"lazy\" width=\"1024\" height=\"493\" src=\"http:\/\/www.bmwconsulting.pl\/wp-content\/uploads\/2021\/02\/widlak-1024x493.png\" alt=\"\" class=\"wp-image-303\" srcset=\"http:\/\/www.bmwconsulting.pl\/wp-content\/uploads\/2021\/02\/widlak-1024x493.png 1024w, http:\/\/www.bmwconsulting.pl\/wp-content\/uploads\/2021\/02\/widlak-300x144.png 300w, http:\/\/www.bmwconsulting.pl\/wp-content\/uploads\/2021\/02\/widlak-768x370.png 768w, http:\/\/www.bmwconsulting.pl\/wp-content\/uploads\/2021\/02\/widlak.png 1139w\" sizes=\"(max-width: 1024px) 100vw, 1024px\" \/><\/figure>\n<\/div>\n\n\n\n<div class=\"wp-block-column\">\n<p class=\"has-drop-cap\"><span class=\"has-inline-color has-neve-link-color-color\">Kurs na w\u00f3zki wid\u0142owe sk\u0142ada si\u0119 z cz\u0119\u015bci teoretycznej i praktycznej w tym szkolenie na wymian\u0119 butli gazowych LPG w w\u00f3zku wid\u0142owym i ko\u0144czy si\u0119 egzaminem przed komisj\u0105 egzaminacyjn\u0105 z Urz\u0119du Dozoru Technicznego.<\/span><\/p>\n\n\n\n<p><span class=\"has-inline-color has-neve-link-color-color\">W trakcie prowadzonego szkolenia nasi instruktorzy i wyk\u0142adowcy z pe\u0142n\u0105 dba\u0142o\u015bci\u0105 o kursanta , bezstresowo przekazuj\u0105 ca\u0142\u0105 posiadan\u0105 wiedz\u0119, by jak najlepiej przygotowa\u0107 operator\u00f3w do tej odpowiedzialnej pracy.<\/span><\/p>\n<\/div>\n<\/div>\n\n\n\n<hr class=\"wp-block-separator has-text-color has-background has-nv-dark-bg-background-color has-nv-dark-bg-color is-style-wide\"\/>\n\n\n\n<p><span class=\"has-inline-color has-neve-link-color-color\"><strong>Celem kursu jest przygotowanie przysz\u0142ych operator\u00f3w do pracy przy obs\u0142udze w\u00f3zk\u00f3w jezdniowych kategorii :<\/strong><\/span><\/p>\n\n\n\n<ul class=\"has-neve-link-color-color has-text-color\"><li><span class=\"has-inline-color has-neve-link-color-color\"> w\u00f3zki jezdniowe podno\u015bnikowe, w tym specjalizowane, tj.z operatorem podnoszonym wraz z \u0142adunkiem lub ze zmiennym wysi\u0119giem.<\/span><ul><li><span class=\"has-inline-color has-neve-link-color-color\">Szkolenie uprawnia do obs\u0142ugi w\u00f3zk\u00f3w jezdniowych z dowolnym nap\u0119dem i bez ogranicze\u0144 wysoko\u015bci podnoszenia oraz ud\u017awigu.<\/span><\/li><\/ul><\/li><li><span class=\"has-inline-color has-neve-link-color-color\">w\u00f3zki jezdniowe podno\u015bnikowe z wy\u0142\u0105czeniem specjalizowanych:<\/span><ul><li><span class=\"has-inline-color has-neve-link-color-color\">Szkolenie uprawnia do obs\u0142ugi w\u00f3zk\u00f3w jezdniowych z dowolnym nap\u0119dem i bez ogranicze\u0144 wysoko\u015bci podnoszenia<\/span><\/li><\/ul><\/li><li><span class=\"has-inline-color has-neve-link-color-color\">w\u00f3zki jezdniowe unosz\u0105ce , na\u0142adowne , ci\u0105gnikowe<\/span><\/li><\/ul>\n\n\n\n<div style=\"height:100px\" aria-hidden=\"true\" class=\"wp-block-spacer\"><\/div>\n<\/div><\/div>\n\n\n\n<div class=\"wp-block-group\"><div class=\"wp-block-group__inner-container\">\n<div class=\"wp-block-columns\">\n<div class=\"wp-block-column\" style=\"flex-basis:100%\">\n<div style=\"height:80px\" aria-hidden=\"true\" class=\"wp-block-spacer\"><\/div>\n\n\n\n<div class=\"wp-block-columns\">\n<div class=\"wp-block-column\" style=\"flex-basis:100%\">\n<div class=\"wp-block-columns\">\n<div class=\"wp-block-column\">\n<p style=\"font-size:31px\"><strong>Ramowy program szkolenia<\/strong>:<\/p>\n\n\n\n<ul><li>Wiadomo\u015bci o dozorze technicznym \u2013 <strong>2 godziny<\/strong><\/li><li>Og\u00f3lne wiadomo\u015bci o urz\u0105dzeniach transportu bliskiego \u2013 <strong>3 godziny<\/strong><\/li><li>Typy stosowanych w\u00f3zk\u00f3w jezdniowych \u2013 <strong>1 godzina<\/strong><\/li><li>Budowa w\u00f3zk\u00f3w jezdniowych podno\u015bnikowych \u2013 <strong>8 godzin<\/strong><\/li><li>Czynno\u015bci operatora przed rozpocz\u0119ciem pracy i po zako\u0144czeniu pracy \u2013 <strong>1 godzina<\/strong><\/li><li>Czynno\u015bci operatora w czasie pracy w\u00f3zkami \u2013 <strong>1 godzina<\/strong><\/li><li>Wiadomo\u015bci z zakresu \u0142adunkoznawstwa \u2013 <strong>1 godzina<\/strong><\/li><li>Wiadomo\u015bci z zakresu BHP \u2013 <strong>11 godzin<\/strong><\/li><li>Zaj\u0119cia praktyczne \u2013 <strong>10 godzin<\/strong><\/li><\/ul>\n\n\n\n<div style=\"height:20px\" aria-hidden=\"true\" class=\"wp-block-spacer\"><\/div>\n\n\n\n<p class=\"has-small-font-size\">* w godzinach lekcyjnych trwaj\u0105cych&nbsp; 45 minut<\/p>\n<\/div>\n\n\n\n<div class=\"wp-block-column\">\n<figure class=\"wp-block-image size-large\"><img loading=\"lazy\" width=\"1024\" height=\"1024\" src=\"http:\/\/www.bmwconsulting.pl\/wp-content\/uploads\/2021\/02\/391-1024x1024.jpg\" alt=\"\" class=\"wp-image-480\" srcset=\"http:\/\/www.bmwconsulting.pl\/wp-content\/uploads\/2021\/02\/391-1024x1024.jpg 1024w, http:\/\/www.bmwconsulting.pl\/wp-content\/uploads\/2021\/02\/391-300x300.jpg 300w, http:\/\/www.bmwconsulting.pl\/wp-content\/uploads\/2021\/02\/391-150x150.jpg 150w, http:\/\/www.bmwconsulting.pl\/wp-content\/uploads\/2021\/02\/391-768x768.jpg 768w, http:\/\/www.bmwconsulting.pl\/wp-content\/uploads\/2021\/02\/391-1536x1536.jpg 1536w, http:\/\/www.bmwconsulting.pl\/wp-content\/uploads\/2021\/02\/391.jpg 2000w\" sizes=\"(max-width: 1024px) 100vw, 1024px\" \/><\/figure>\n<\/div>\n<\/div>\n\n\n\n<hr class=\"wp-block-separator has-text-color has-background has-neve-link-color-background-color has-neve-link-color-color is-style-wide\"\/>\n<\/div>\n<\/div>\n\n\n\n<div class=\"wp-block-columns\">\n<div class=\"wp-block-column\">\n<h2>Warunki<\/h2>\n\n\n\n<p>Warunkiem podj\u0119cia szkolenia jest :<\/p>\n\n\n\n<p>&nbsp;&#8211; uko\u0144czony 18 rok \u017cycia<\/p>\n\n\n\n<p>&#8211; za\u015bwiadczenie lekarskie o braku przeciwwskaza\u0144 do obs\u0142ugi w\u00f3zk\u00f3w podno\u015bnikowych<\/p>\n<\/div>\n\n\n\n<div class=\"wp-block-column\">\n<p>Wychodz\u0105c naprzeciw oczekiwaniom Klient\u00f3w organizujemy kursy zar\u00f3wno indywidualnie, jak i grupowo. Niew\u0105tpliwym udogodnieniem jest r\u00f3wnie\u017c mo\u017cliwo\u015b\u0107 indywidualnego ustalenia daty szkolenia. Ze wzgl\u0119du na swoj\u0105 mobilno\u015b\u0107 jeste\u015bmy w stanie przeprowadzi\u0107&nbsp; szkolenie w siedzibie firmy zamawiaj\u0105cego.<\/p>\n<\/div>\n<\/div>\n<\/div>\n<\/div>\n<\/div><\/div>\n\n\n\n<div class=\"wp-block-cover alignfull has-nv-dark-bg-background-color has-background-dim\" style=\"min-height:300px\"><div class=\"wp-block-cover__inner-container\">\n<div style=\"height:140px\" aria-hidden=\"true\" class=\"wp-block-spacer\"><\/div>\n\n\n\n<h2 class=\"has-text-align-center has-nv-text-dark-bg-color has-text-color\">Zainteresowany?<\/h2>\n\n\n\n<p class=\"has-text-align-center has-medium-font-size\">\u015amia\u0142o skontaktuj si\u0119 z nami a pomo\u017cemy i odpowiemy na wszystkie pytania.<\/p>\n\n\n\n<div class=\"wp-block-buttons aligncenter\">\n<div class=\"wp-block-button is-style-primary\"><a class=\"wp-block-button__link\" href=\"http:\/\/www.bmwconsulting.pl\/index.php\/kontakt\/\">Kontakt<\/a><\/div>\n<\/div>\n\n\n\n<div style=\"height:140px\" aria-hidden=\"true\" class=\"wp-block-spacer\"><\/div>\n<\/div><\/div>\n","protected":false},"excerpt":{"rendered":"<p>Kursy z zakresu obs\u0142ugi w\u00f3zk\u00f3w wid\u0142owych (jezdniowych) Ramowy program szkolenia: Wiadomo\u015bci o dozorze technicznym \u2013 2 godziny Og\u00f3lne wiadomo\u015bci o urz\u0105dzeniach transportu bliskiego \u2013 3 godziny Typy stosowanych w\u00f3zk\u00f3w jezdniowych \u2013 1 godzina Budowa w\u00f3zk\u00f3w jezdniowych podno\u015bnikowych \u2013 8 godzin Czynno\u015bci operatora przed rozpocz\u0119ciem pracy i po zako\u0144czeniu pracy \u2013 1 godzina Czynno\u015bci operatora w&hellip;&nbsp;<a href=\"http:\/\/www.bmwconsulting.pl\/index.php\/kursy-2\/wozki-widlowe\/\" class=\"\" rel=\"bookmark\">Czytaj wi\u0119cej &raquo;<span class=\"screen-reader-text\">Kurs Operator w\u00f3zk\u00f3w wid\u0142owych<\/span><\/a><\/p>\n","protected":false},"author":1,"featured_media":0,"parent":400,"menu_order":0,"comment_status":"closed","ping_status":"closed","template":"","meta":{"neve_meta_sidebar":"default","neve_meta_container":"","neve_meta_enable_content_width":"on","neve_meta_content_width":100,"neve_meta_title_alignment":"","neve_meta_author_avatar":"","neve_post_elements_order":"","neve_meta_disable_header":"","neve_meta_disable_footer":"","neve_meta_disable_title":"on","_ti_tpc_template_sync":false,"_ti_tpc_template_id":"bhii09ux20eago4lvw13"},"_links":{"self":[{"href":"http:\/\/www.bmwconsulting.pl\/index.php\/wp-json\/wp\/v2\/pages\/71"}],"collection":[{"href":"http:\/\/www.bmwconsulting.pl\/index.php\/wp-json\/wp\/v2\/pages"}],"about":[{"href":"http:\/\/www.bmwconsulting.pl\/index.php\/wp-json\/wp\/v2\/types\/page"}],"author":[{"embeddable":true,"href":"http:\/\/www.bmwconsulting.pl\/index.php\/wp-json\/wp\/v2\/users\/1"}],"replies":[{"embeddable":true,"href":"http:\/\/www.bmwconsulting.pl\/index.php\/wp-json\/wp\/v2\/comments?post=71"}],"version-history":[{"count":37,"href":"http:\/\/www.bmwconsulting.pl\/index.php\/wp-json\/wp\/v2\/pages\/71\/revisions"}],"predecessor-version":[{"id":610,"href":"http:\/\/www.bmwconsulting.pl\/index.php\/wp-json\/wp\/v2\/pages\/71\/revisions\/610"}],"up":[{"embeddable":true,"href":"http:\/\/www.bmwconsulting.pl\/index.php\/wp-json\/wp\/v2\/pages\/400"}],"wp:attachment":[{"href":"http:\/\/www.bmwconsulting.pl\/index.php\/wp-json\/wp\/v2\/media?parent=71"}],"curies":[{"name":"wp","href":"https:\/\/api.w.org\/{rel}","templated":true}]}}